{"id":63,"date":"2026-01-05T12:11:54","date_gmt":"2026-01-05T12:11:54","guid":{"rendered":"https:\/\/www.mysa-energy.fr\/?page_id=63"},"modified":"2026-01-06T14:34:35","modified_gmt":"2026-01-06T14:34:35","slug":"accueil","status":"publish","type":"page","link":"https:\/\/www.mysa-energy.fr\/","title":{"rendered":"Accueil"},"content":{"rendered":"\t\t<div data-elementor-type=\"wp-page\" data-elementor-id=\"63\" class=\"elementor elementor-63\">\n\t\t\t\t<div class=\"elementor-element elementor-element-d6992c3 e-flex e-con-boxed e-con e-parent\" data-id=\"d6992c3\" data-element_type=\"container\" data-settings=\"{&quot;background_background&quot;:&quot;classic&quot;,&quot;shape_divider_top&quot;:&quot;mountains&quot;}\">\n\t\t\t\t\t<div class=\"e-con-inner\">\n\t\t\t\t<div class=\"elementor-shape elementor-shape-top\" aria-hidden=\"true\" data-negative=\"false\">\n\t\t\t<svg xmlns=\"http:\/\/www.w3.org\/2000\/svg\" viewBox=\"0 0 1000 100\" preserveAspectRatio=\"none\">\n\t<path class=\"elementor-shape-fill\" opacity=\"0.33\" d=\"M473,67.3c-203.9,88.3-263.1-34-320.3,0C66,119.1,0,59.7,0,59.7V0h1000v59.7 c0,0-62.1,26.1-94.9,29.3c-32.8,3.3-62.8-12.3-75.8-22.1C806,49.6,745.3,8.7,694.9,4.7S492.4,59,473,67.3z\"\/>\n\t<path class=\"elementor-shape-fill\" opacity=\"0.66\" d=\"M734,67.3c-45.5,0-77.2-23.2-129.1-39.1c-28.6-8.7-150.3-10.1-254,39.1 s-91.7-34.4-149.2,0C115.7,118.3,0,39.8,0,39.8V0h1000v36.5c0,0-28.2-18.5-92.1-18.5C810.2,18.1,775.7,67.3,734,67.3z\"\/>\n\t<path class=\"elementor-shape-fill\" d=\"M766.1,28.9c-200-57.5-266,65.5-395.1,19.5C242,1.8,242,5.4,184.8,20.6C128,35.8,132.3,44.9,89.9,52.5C28.6,63.7,0,0,0,0 h1000c0,0-9.9,40.9-83.6,48.1S829.6,47,766.1,28.9z\"\/>\n<\/svg>\t\t<\/div>\n\t\t\t\t<div class=\"elementor-element elementor-element-2f89441 elementor-widget elementor-widget-heading\" data-id=\"2f89441\" data-element_type=\"widget\" data-widget_type=\"heading.default\">\n\t\t\t\t\t<h2 class=\"elementor-heading-title elementor-size-default\">MYSA Energy<\/h2>\t\t\t\t<\/div>\n\t\t\t\t<div class=\"elementor-element elementor-element-a10bfcb elementor-widget elementor-widget-heading\" data-id=\"a10bfcb\" data-element_type=\"widget\" data-widget_type=\"heading.default\">\n\t\t\t\t\t<h2 class=\"elementor-heading-title elementor-size-default\">Ing\u00e9nierie du raccordement ENR, rapide, technique et orient\u00e9e d\u00e9cision<\/h2>\t\t\t\t<\/div>\n\t\t\t\t<div class=\"elementor-element elementor-element-15ec537 elementor-widget elementor-widget-text-editor\" data-id=\"15ec537\" data-element_type=\"widget\" data-widget_type=\"text-editor.default\">\n\t\t\t\t\t\t\t\t\t<p>\u00a0<\/p><p class=\"p3\"><span class=\"s2\"><b>MYSA Energy<\/b><\/span> accompagne les d\u00e9veloppeurs et porteurs de projets d\u2019\u00e9nergies renouvelables dans l\u2019<span class=\"s2\"><b>analyse, la comparaison et l\u2019optimisation des hypoth\u00e8ses de raccordement \u00e9lectrique<\/b><\/span>, en France et \u00e0 l\u2019international.<\/p><p class=\"p4\"><span class=\"s3\">Notre approche est <\/span><b>purement technique, cartographique et orient\u00e9e options<\/b><span class=\"s3\">.<\/span><\/p><p class=\"p4\"><span class=\"s3\">Nous ne produisons pas des \u00e9tudes longues et fig\u00e9es, mais des <\/span><b>analyses rapides, exploitables et comparatives<\/b><span class=\"s3\">, permettant de <\/span><b>prendre des d\u00e9cisions \u00e9clair\u00e9es d\u00e8s les phases amont<\/b><span class=\"s3\">.<\/span><\/p><p class=\"p3\">Contrairement aux bureaux d\u2019\u00e9tudes traditionnels, souvent centr\u00e9s sur des analyses financi\u00e8res ou des livrables peu exploitables, nous mettons l\u2019accent sur :<\/p><ul><li><p class=\"p1\"><span class=\"s1\">la <\/span><b>mod\u00e9lisation des parcours de raccordement<\/b><span class=\"s1\">,<\/span><\/p><\/li><li><p class=\"p1\"><span class=\"s1\">le <\/span><b>chiffrage pr\u00e9cis des options<\/b><span class=\"s1\">,<\/span><\/p><\/li><li><p class=\"p1\"><span class=\"s1\">l\u2019<\/span><b>analyse des risques techniques et environnementaux<\/b><span class=\"s1\">,<\/span><\/p><\/li><li><p class=\"p1\"><span class=\"s1\">et la <\/span><b>visualisation cartographique ma\u00eetris\u00e9e<\/b><span class=\"s1\"> des solutions \u00e9tudi\u00e9es.<\/span><\/p><\/li><\/ul><p>\u00a0<\/p><p class=\"p1\">\ud83d\udc49 <i>D\u00e9couvrir nos offres<\/i><\/p><p class=\"p1\">\ud83d\udc49 <i>Demander une \u00e9tude rapidement<\/i><\/p>\t\t\t\t\t\t\t\t<\/div>\n\t\t\t\t\t<\/div>\n\t\t\t\t<\/div>\n\t\t<div class=\"elementor-element elementor-element-37444e9 e-flex e-con-boxed e-con e-parent\" data-id=\"37444e9\" data-element_type=\"container\">\n\t\t\t\t\t<div class=\"e-con-inner\">\n\t\t\t\t<div class=\"elementor-element elementor-element-b471d90 elementor-align-center elementor-widget elementor-widget-button\" data-id=\"b471d90\" data-element_type=\"widget\" data-widget_type=\"button.default\">\n\t\t\t\t\t\t\t\t\t\t<a class=\"elementor-button elementor-button-link elementor-size-sm\" href=\"#\">\n\t\t\t\t\t\t<span class=\"elementor-button-content-wrapper\">\n\t\t\t\t\t\t\t\t\t<span class=\"elementor-button-text\">Prenez Contact<\/span>\n\t\t\t\t\t<\/span>\n\t\t\t\t\t<\/a>\n\t\t\t\t\t\t\t\t<\/div>\n\t\t\t\t\t<\/div>\n\t\t\t\t<\/div>\n\t\t\t\t<\/div>\n\t\t","protected":false},"excerpt":{"rendered":"<p>MYSA Energy Ing\u00e9nierie du raccordement ENR, rapide, technique et orient\u00e9e d\u00e9cision \u00a0 MYSA Energy accompagne les d\u00e9veloppeurs et porteurs de [&hellip;]<\/p>\n","protected":false},"author":1,"featured_media":0,"parent":0,"menu_order":0,"comment_status":"open","ping_status":"closed","template":"","meta":{"site-sidebar-layout":"default","site-content-layout":"","ast-site-content-layout":"default","site-content-style":"default","site-sidebar-style":"default","ast-global-header-display":"","ast-banner-title-visibility":"","ast-main-header-display":"","ast-hfb-above-header-display":"","ast-hfb-below-header-display":"","ast-hfb-mobile-header-display":"","site-post-title":"disabled","ast-breadcrumbs-content":"","ast-featured-img":"","footer-sml-layout":"","ast-disable-related-posts":"","theme-transparent-header-meta":"","adv-header-id-meta":"","stick-header-meta":"","header-above-stick-meta":"","header-main-stick-meta":"","header-below-stick-meta":"","astra-migrate-meta-layouts":"default","ast-page-background-enabled":"default","ast-page-background-meta":{"desktop":{"background-color":"var(--ast-global-color-5)","background-image":"","background-repeat":"repeat","background-position":"center center","background-size":"auto","background-attachment":"scroll","background-type":"","background-media":"","overlay-type":"","overlay-color":"","overlay-opacity":"","overlay-gradient":""},"tablet":{"background-color":"","background-image":"","background-repeat":"repeat","background-position":"center center","background-size":"auto","background-attachment":"scroll","background-type":"","background-media":"","overlay-type":"","overlay-color":"","overlay-opacity":"","overlay-gradient":""},"mobile":{"background-color":"","background-image":"","background-repeat":"repeat","background-position":"center center","background-size":"auto","background-attachment":"scroll","background-type":"","background-media":"","overlay-type":"","overlay-color":"","overlay-opacity":"","overlay-gradient":""}},"ast-content-background-meta":{"desktop":{"background-color":"var(--ast-global-color-4)","background-image":"","background-repeat":"repeat","background-position":"center center","background-size":"auto","background-attachment":"scroll","background-type":"","background-media":"","overlay-type":"","overlay-color":"","overlay-opacity":"","overlay-gradient":""},"tablet":{"background-color":"var(--ast-global-color-4)","background-image":"","background-repeat":"repeat","background-position":"center center","background-size":"auto","background-attachment":"scroll","background-type":"","background-media":"","overlay-type":"","overlay-color":"","overlay-opacity":"","overlay-gradient":""},"mobile":{"background-color":"var(--ast-global-color-4)","background-image":"","background-repeat":"repeat","background-position":"center center","background-size":"auto","background-attachment":"scroll","background-type":"","background-media":"","overlay-type":"","overlay-color":"","overlay-opacity":"","overlay-gradient":""}},"footnotes":""},"class_list":["post-63","page","type-page","status-publish","hentry"],"_links":{"self":[{"href":"https:\/\/www.mysa-energy.fr\/index.php?rest_route=\/wp\/v2\/pages\/63","targetHints":{"allow":["GET"]}}],"collection":[{"href":"https:\/\/www.mysa-energy.fr\/index.php?rest_route=\/wp\/v2\/pages"}],"about":[{"href":"https:\/\/www.mysa-energy.fr\/index.php?rest_route=\/wp\/v2\/types\/page"}],"author":[{"embeddable":true,"href":"https:\/\/www.mysa-energy.fr\/index.php?rest_route=\/wp\/v2\/users\/1"}],"replies":[{"embeddable":true,"href":"https:\/\/www.mysa-energy.fr\/index.php?rest_route=%2Fwp%2Fv2%2Fcomments&post=63"}],"version-history":[{"count":23,"href":"https:\/\/www.mysa-energy.fr\/index.php?rest_route=\/wp\/v2\/pages\/63\/revisions"}],"predecessor-version":[{"id":110,"href":"https:\/\/www.mysa-energy.fr\/index.php?rest_route=\/wp\/v2\/pages\/63\/revisions\/110"}],"wp:attachment":[{"href":"https:\/\/www.mysa-energy.fr\/index.php?rest_route=%2Fwp%2Fv2%2Fmedia&parent=63"}],"curies":[{"name":"wp","href":"https:\/\/api.w.org\/{rel}","templated":true}]}}